{"id":11,"date":"2025-10-04T15:25:45","date_gmt":"2025-10-04T15:25:45","guid":{"rendered":"http:\/\/localhost\/timbra.ee\/?page_id=11"},"modified":"2026-02-27T13:06:26","modified_gmt":"2026-02-27T11:06:26","slug":"meist","status":"publish","type":"page","link":"https:\/\/timbra.ee\/en\/meist\/","title":{"rendered":"About Us"},"content":{"rendered":"","protected":false},"excerpt":{"rendered":"","protected":false},"author":1,"featured_media":315,"parent":0,"menu_order":0,"comment_status":"closed","ping_status":"closed","template":"","meta":{"footnotes":""},"class_list":["post-11","page","type-page","status-publish","has-post-thumbnail","hentry"],"yoast_head":"<!-- This site is optimized with the Yoast SEO plugin v26.9 - https:\/\/yoast.com\/product\/yoast-seo-wordpress\/ -->\n<title>Erim\u00f5\u00f5dulised puitalused ja kastid | Meist \u2013 Timbra O\u00dc<\/title>\n<meta name=\"description\" content=\"Timbra O\u00dc on 2017. aastal s\u00fcndinud erim\u00f5\u00f5duliste puitaluste ja kastide tootja. Disainime iga toote personaalselt, kiiresti ja kvaliteetselt.\" \/>\n<meta name=\"robots\" content=\"index, follow, max-snippet:-1, max-image-preview:large, max-video-preview:-1\" \/>\n<link rel=\"canonical\" href=\"https:\/\/timbra.ee\/en\/meist\/\" \/>\n<meta property=\"og:locale\" content=\"en_GB\" \/>\n<meta property=\"og:type\" content=\"article\" \/>\n<meta property=\"og:title\" content=\"Erim\u00f5\u00f5dulised puitalused ja kastid | Meist \u2013 Timbra O\u00dc\" \/>\n<meta property=\"og:description\" content=\"Timbra O\u00dc on 2017. aastal s\u00fcndinud erim\u00f5\u00f5duliste puitaluste ja kastide tootja. Disainime iga toote personaalselt, kiiresti ja kvaliteetselt.\" \/>\n<meta property=\"og:url\" content=\"https:\/\/timbra.ee\/en\/meist\/\" \/>\n<meta property=\"og:site_name\" content=\"Timbra O\u00dc\" \/>\n<meta property=\"article:modified_time\" content=\"2026-02-27T11:06:26+00:00\" \/>\n<meta property=\"og:image\" content=\"https:\/\/timbra.ee\/wp-content\/uploads\/2026\/01\/infopank-2026-est.png\" \/>\n\t<meta property=\"og:image:width\" content=\"326\" \/>\n\t<meta property=\"og:image:height\" content=\"300\" \/>\n\t<meta property=\"og:image:type\" content=\"image\/png\" \/>\n<meta name=\"twitter:card\" content=\"summary_large_image\" \/>\n<meta name=\"twitter:label1\" content=\"Est. reading time\" \/>\n\t<meta name=\"twitter:data1\" content=\"3 minutes\" \/>\n<script type=\"application\/ld+json\" class=\"yoast-schema-graph\">{\"@context\":\"https:\/\/schema.org\",\"@graph\":[{\"@type\":\"WebPage\",\"@id\":\"https:\/\/timbra.ee\/meist\/\",\"url\":\"https:\/\/timbra.ee\/meist\/\",\"name\":\"Erim\u00f5\u00f5dulised puitalused ja kastid | Meist \u2013 Timbra O\u00dc\",\"isPartOf\":{\"@id\":\"https:\/\/timbra.ee\/#website\"},\"primaryImageOfPage\":{\"@id\":\"https:\/\/timbra.ee\/meist\/#primaryimage\"},\"image\":{\"@id\":\"https:\/\/timbra.ee\/meist\/#primaryimage\"},\"thumbnailUrl\":\"https:\/\/timbra.ee\/wp-content\/uploads\/2026\/01\/infopank-2026-est.png\",\"datePublished\":\"2025-10-04T15:25:45+00:00\",\"dateModified\":\"2026-02-27T11:06:26+00:00\",\"description\":\"Timbra O\u00dc on 2017. aastal s\u00fcndinud erim\u00f5\u00f5duliste puitaluste ja kastide tootja. Disainime iga toote personaalselt, kiiresti ja kvaliteetselt.\",\"breadcrumb\":{\"@id\":\"https:\/\/timbra.ee\/meist\/#breadcrumb\"},\"inLanguage\":\"en-GB\",\"potentialAction\":[{\"@type\":\"ReadAction\",\"target\":[\"https:\/\/timbra.ee\/meist\/\"]}]},{\"@type\":\"ImageObject\",\"inLanguage\":\"en-GB\",\"@id\":\"https:\/\/timbra.ee\/meist\/#primaryimage\",\"url\":\"https:\/\/timbra.ee\/wp-content\/uploads\/2026\/01\/infopank-2026-est.png\",\"contentUrl\":\"https:\/\/timbra.ee\/wp-content\/uploads\/2026\/01\/infopank-2026-est.png\",\"width\":326,\"height\":300,\"caption\":\"Timbra Infopanga tunnustus eesti keeles\"},{\"@type\":\"BreadcrumbList\",\"@id\":\"https:\/\/timbra.ee\/meist\/#breadcrumb\",\"itemListElement\":[{\"@type\":\"ListItem\",\"position\":1,\"name\":\"Home\",\"item\":\"https:\/\/timbra.ee\/\"},{\"@type\":\"ListItem\",\"position\":2,\"name\":\"Meist\"}]},{\"@type\":\"WebSite\",\"@id\":\"https:\/\/timbra.ee\/#website\",\"url\":\"https:\/\/timbra.ee\/\",\"name\":\"Timbra\",\"description\":\"Eritellimusel puitpakendid\",\"publisher\":{\"@id\":\"https:\/\/timbra.ee\/#organization\"},\"potentialAction\":[{\"@type\":\"SearchAction\",\"target\":{\"@type\":\"EntryPoint\",\"urlTemplate\":\"https:\/\/timbra.ee\/?s={search_term_string}\"},\"query-input\":{\"@type\":\"PropertyValueSpecification\",\"valueRequired\":true,\"valueName\":\"search_term_string\"}}],\"inLanguage\":\"en-GB\"},{\"@type\":\"Organization\",\"@id\":\"https:\/\/timbra.ee\/#organization\",\"name\":\"Timbra O\u00dc\",\"url\":\"https:\/\/timbra.ee\/\",\"logo\":{\"@type\":\"ImageObject\",\"inLanguage\":\"en-GB\",\"@id\":\"https:\/\/timbra.ee\/#\/schema\/logo\/image\/\",\"url\":\"https:\/\/timbra.ee\/wp-content\/uploads\/2026\/02\/Site-Icon.png\",\"contentUrl\":\"https:\/\/timbra.ee\/wp-content\/uploads\/2026\/02\/Site-Icon.png\",\"width\":1117,\"height\":273,\"caption\":\"Timbra O\u00dc\"},\"image\":{\"@id\":\"https:\/\/timbra.ee\/#\/schema\/logo\/image\/\"}}]}<\/script>\n<!-- \/ Yoast SEO plugin. -->","yoast_head_json":{"title":"Erim\u00f5\u00f5dulised puitalused ja kastid | Meist \u2013 Timbra O\u00dc","description":"Timbra O\u00dc on 2017. aastal s\u00fcndinud erim\u00f5\u00f5duliste puitaluste ja kastide tootja. Disainime iga toote personaalselt, kiiresti ja kvaliteetselt.","robots":{"index":"index","follow":"follow","max-snippet":"max-snippet:-1","max-image-preview":"max-image-preview:large","max-video-preview":"max-video-preview:-1"},"canonical":"https:\/\/timbra.ee\/en\/meist\/","og_locale":"en_GB","og_type":"article","og_title":"Erim\u00f5\u00f5dulised puitalused ja kastid | Meist \u2013 Timbra O\u00dc","og_description":"Timbra O\u00dc on 2017. aastal s\u00fcndinud erim\u00f5\u00f5duliste puitaluste ja kastide tootja. Disainime iga toote personaalselt, kiiresti ja kvaliteetselt.","og_url":"https:\/\/timbra.ee\/en\/meist\/","og_site_name":"Timbra O\u00dc","article_modified_time":"2026-02-27T11:06:26+00:00","og_image":[{"width":326,"height":300,"url":"https:\/\/timbra.ee\/wp-content\/uploads\/2026\/01\/infopank-2026-est.png","type":"image\/png"}],"twitter_card":"summary_large_image","twitter_misc":{"Est. reading time":"3 minutes"},"schema":{"@context":"https:\/\/schema.org","@graph":[{"@type":"WebPage","@id":"https:\/\/timbra.ee\/meist\/","url":"https:\/\/timbra.ee\/meist\/","name":"Erim\u00f5\u00f5dulised puitalused ja kastid | Meist \u2013 Timbra O\u00dc","isPartOf":{"@id":"https:\/\/timbra.ee\/#website"},"primaryImageOfPage":{"@id":"https:\/\/timbra.ee\/meist\/#primaryimage"},"image":{"@id":"https:\/\/timbra.ee\/meist\/#primaryimage"},"thumbnailUrl":"https:\/\/timbra.ee\/wp-content\/uploads\/2026\/01\/infopank-2026-est.png","datePublished":"2025-10-04T15:25:45+00:00","dateModified":"2026-02-27T11:06:26+00:00","description":"Timbra O\u00dc on 2017. aastal s\u00fcndinud erim\u00f5\u00f5duliste puitaluste ja kastide tootja. Disainime iga toote personaalselt, kiiresti ja kvaliteetselt.","breadcrumb":{"@id":"https:\/\/timbra.ee\/meist\/#breadcrumb"},"inLanguage":"en-GB","potentialAction":[{"@type":"ReadAction","target":["https:\/\/timbra.ee\/meist\/"]}]},{"@type":"ImageObject","inLanguage":"en-GB","@id":"https:\/\/timbra.ee\/meist\/#primaryimage","url":"https:\/\/timbra.ee\/wp-content\/uploads\/2026\/01\/infopank-2026-est.png","contentUrl":"https:\/\/timbra.ee\/wp-content\/uploads\/2026\/01\/infopank-2026-est.png","width":326,"height":300,"caption":"Timbra Infopanga tunnustus eesti keeles"},{"@type":"BreadcrumbList","@id":"https:\/\/timbra.ee\/meist\/#breadcrumb","itemListElement":[{"@type":"ListItem","position":1,"name":"Home","item":"https:\/\/timbra.ee\/"},{"@type":"ListItem","position":2,"name":"Meist"}]},{"@type":"WebSite","@id":"https:\/\/timbra.ee\/#website","url":"https:\/\/timbra.ee\/","name":"Timbra","description":"Custom-made wooden packaging","publisher":{"@id":"https:\/\/timbra.ee\/#organization"},"potentialAction":[{"@type":"SearchAction","target":{"@type":"EntryPoint","urlTemplate":"https:\/\/timbra.ee\/?s={search_term_string}"},"query-input":{"@type":"PropertyValueSpecification","valueRequired":true,"valueName":"search_term_string"}}],"inLanguage":"en-GB"},{"@type":"Organization","@id":"https:\/\/timbra.ee\/#organization","name":"Timbra O\u00dc","url":"https:\/\/timbra.ee\/","logo":{"@type":"ImageObject","inLanguage":"en-GB","@id":"https:\/\/timbra.ee\/#\/schema\/logo\/image\/","url":"https:\/\/timbra.ee\/wp-content\/uploads\/2026\/02\/Site-Icon.png","contentUrl":"https:\/\/timbra.ee\/wp-content\/uploads\/2026\/02\/Site-Icon.png","width":1117,"height":273,"caption":"Timbra O\u00dc"},"image":{"@id":"https:\/\/timbra.ee\/#\/schema\/logo\/image\/"}}]}},"_links":{"self":[{"href":"https:\/\/timbra.ee\/en\/wp-json\/wp\/v2\/pages\/11","targetHints":{"allow":["GET"]}}],"collection":[{"href":"https:\/\/timbra.ee\/en\/wp-json\/wp\/v2\/pages"}],"about":[{"href":"https:\/\/timbra.ee\/en\/wp-json\/wp\/v2\/types\/page"}],"author":[{"embeddable":true,"href":"https:\/\/timbra.ee\/en\/wp-json\/wp\/v2\/users\/1"}],"replies":[{"embeddable":true,"href":"https:\/\/timbra.ee\/en\/wp-json\/wp\/v2\/comments?post=11"}],"version-history":[{"count":5,"href":"https:\/\/timbra.ee\/en\/wp-json\/wp\/v2\/pages\/11\/revisions"}],"predecessor-version":[{"id":321,"href":"https:\/\/timbra.ee\/en\/wp-json\/wp\/v2\/pages\/11\/revisions\/321"}],"wp:featuredmedia":[{"embeddable":true,"href":"https:\/\/timbra.ee\/en\/wp-json\/wp\/v2\/media\/315"}],"wp:attachment":[{"href":"https:\/\/timbra.ee\/en\/wp-json\/wp\/v2\/media?parent=11"}],"curies":[{"name":"wp","href":"https:\/\/api.w.org\/{rel}","templated":true}]}}