{"id":131,"date":"2025-11-01T12:47:06","date_gmt":"2025-11-01T12:47:06","guid":{"rendered":"http:\/\/localhost\/timbra.ee\/?page_id=131"},"modified":"2026-02-06T05:16:08","modified_gmt":"2026-02-06T03:16:08","slug":"kontakt","status":"publish","type":"page","link":"https:\/\/timbra.ee\/en\/kontakt\/","title":{"rendered":"Contact Us"},"content":{"rendered":"","protected":false},"excerpt":{"rendered":"","protected":false},"author":1,"featured_media":0,"parent":0,"menu_order":0,"comment_status":"closed","ping_status":"closed","template":"","meta":{"footnotes":""},"class_list":["post-131","page","type-page","status-publish","hentry"],"yoast_head":"<!-- This site is optimized with the Yoast SEO plugin v26.9 - https:\/\/yoast.com\/product\/yoast-seo-wordpress\/ -->\n<title>Puitaluste ja kastide tellimine - V\u00f5ta \u00fchendust | Timbra O\u00dc<\/title>\n<meta name=\"description\" content=\"Puitaluste ja transpordikastide tellimine - v\u00f5ta \u00fchendust Timbra O\u00dc-ga. Aitame leida Sinu vajadusele sobiva lahenduse.\" \/>\n<meta name=\"robots\" content=\"index, follow, max-snippet:-1, max-image-preview:large, max-video-preview:-1\" \/>\n<link rel=\"canonical\" href=\"https:\/\/timbra.ee\/en\/kontakt\/\" \/>\n<meta property=\"og:locale\" content=\"en_GB\" \/>\n<meta property=\"og:type\" content=\"article\" \/>\n<meta property=\"og:title\" content=\"Puitaluste ja kastide tellimine - V\u00f5ta \u00fchendust | Timbra O\u00dc\" \/>\n<meta property=\"og:description\" content=\"Puitaluste ja transpordikastide tellimine - v\u00f5ta \u00fchendust Timbra O\u00dc-ga. Aitame leida Sinu vajadusele sobiva lahenduse.\" \/>\n<meta property=\"og:url\" content=\"https:\/\/timbra.ee\/en\/kontakt\/\" \/>\n<meta property=\"og:site_name\" content=\"Timbra O\u00dc\" \/>\n<meta property=\"article:modified_time\" content=\"2026-02-06T03:16:08+00:00\" \/>\n<meta name=\"twitter:card\" content=\"summary_large_image\" \/>\n<meta name=\"twitter:label1\" content=\"Est. reading time\" \/>\n\t<meta name=\"twitter:data1\" content=\"1 minute\" \/>\n<script type=\"application\/ld+json\" class=\"yoast-schema-graph\">{\"@context\":\"https:\/\/schema.org\",\"@graph\":[{\"@type\":\"WebPage\",\"@id\":\"https:\/\/timbra.ee\/kontakt\/\",\"url\":\"https:\/\/timbra.ee\/kontakt\/\",\"name\":\"Puitaluste ja kastide tellimine - V\u00f5ta \u00fchendust | Timbra O\u00dc\",\"isPartOf\":{\"@id\":\"https:\/\/timbra.ee\/#website\"},\"datePublished\":\"2025-11-01T12:47:06+00:00\",\"dateModified\":\"2026-02-06T03:16:08+00:00\",\"description\":\"Puitaluste ja transpordikastide tellimine - v\u00f5ta \u00fchendust Timbra O\u00dc-ga. Aitame leida Sinu vajadusele sobiva lahenduse.\",\"breadcrumb\":{\"@id\":\"https:\/\/timbra.ee\/kontakt\/#breadcrumb\"},\"inLanguage\":\"en-GB\",\"potentialAction\":[{\"@type\":\"ReadAction\",\"target\":[\"https:\/\/timbra.ee\/kontakt\/\"]}]},{\"@type\":\"BreadcrumbList\",\"@id\":\"https:\/\/timbra.ee\/kontakt\/#breadcrumb\",\"itemListElement\":[{\"@type\":\"ListItem\",\"position\":1,\"name\":\"Home\",\"item\":\"https:\/\/timbra.ee\/\"},{\"@type\":\"ListItem\",\"position\":2,\"name\":\"V\u00f5ta \u00fchendust\"}]},{\"@type\":\"WebSite\",\"@id\":\"https:\/\/timbra.ee\/#website\",\"url\":\"https:\/\/timbra.ee\/\",\"name\":\"Timbra\",\"description\":\"Eritellimusel puitpakendid\",\"publisher\":{\"@id\":\"https:\/\/timbra.ee\/#organization\"},\"potentialAction\":[{\"@type\":\"SearchAction\",\"target\":{\"@type\":\"EntryPoint\",\"urlTemplate\":\"https:\/\/timbra.ee\/?s={search_term_string}\"},\"query-input\":{\"@type\":\"PropertyValueSpecification\",\"valueRequired\":true,\"valueName\":\"search_term_string\"}}],\"inLanguage\":\"en-GB\"},{\"@type\":\"Organization\",\"@id\":\"https:\/\/timbra.ee\/#organization\",\"name\":\"Timbra O\u00dc\",\"url\":\"https:\/\/timbra.ee\/\",\"logo\":{\"@type\":\"ImageObject\",\"inLanguage\":\"en-GB\",\"@id\":\"https:\/\/timbra.ee\/#\/schema\/logo\/image\/\",\"url\":\"https:\/\/timbra.ee\/wp-content\/uploads\/2026\/02\/Site-Icon.png\",\"contentUrl\":\"https:\/\/timbra.ee\/wp-content\/uploads\/2026\/02\/Site-Icon.png\",\"width\":1117,\"height\":273,\"caption\":\"Timbra O\u00dc\"},\"image\":{\"@id\":\"https:\/\/timbra.ee\/#\/schema\/logo\/image\/\"}}]}<\/script>\n<!-- \/ Yoast SEO plugin. -->","yoast_head_json":{"title":"Puitaluste ja kastide tellimine - V\u00f5ta \u00fchendust | Timbra O\u00dc","description":"Puitaluste ja transpordikastide tellimine - v\u00f5ta \u00fchendust Timbra O\u00dc-ga. Aitame leida Sinu vajadusele sobiva lahenduse.","robots":{"index":"index","follow":"follow","max-snippet":"max-snippet:-1","max-image-preview":"max-image-preview:large","max-video-preview":"max-video-preview:-1"},"canonical":"https:\/\/timbra.ee\/en\/kontakt\/","og_locale":"en_GB","og_type":"article","og_title":"Puitaluste ja kastide tellimine - V\u00f5ta \u00fchendust | Timbra O\u00dc","og_description":"Puitaluste ja transpordikastide tellimine - v\u00f5ta \u00fchendust Timbra O\u00dc-ga. Aitame leida Sinu vajadusele sobiva lahenduse.","og_url":"https:\/\/timbra.ee\/en\/kontakt\/","og_site_name":"Timbra O\u00dc","article_modified_time":"2026-02-06T03:16:08+00:00","twitter_card":"summary_large_image","twitter_misc":{"Est. reading time":"1 minute"},"schema":{"@context":"https:\/\/schema.org","@graph":[{"@type":"WebPage","@id":"https:\/\/timbra.ee\/kontakt\/","url":"https:\/\/timbra.ee\/kontakt\/","name":"Puitaluste ja kastide tellimine - V\u00f5ta \u00fchendust | Timbra O\u00dc","isPartOf":{"@id":"https:\/\/timbra.ee\/#website"},"datePublished":"2025-11-01T12:47:06+00:00","dateModified":"2026-02-06T03:16:08+00:00","description":"Puitaluste ja transpordikastide tellimine - v\u00f5ta \u00fchendust Timbra O\u00dc-ga. Aitame leida Sinu vajadusele sobiva lahenduse.","breadcrumb":{"@id":"https:\/\/timbra.ee\/kontakt\/#breadcrumb"},"inLanguage":"en-GB","potentialAction":[{"@type":"ReadAction","target":["https:\/\/timbra.ee\/kontakt\/"]}]},{"@type":"BreadcrumbList","@id":"https:\/\/timbra.ee\/kontakt\/#breadcrumb","itemListElement":[{"@type":"ListItem","position":1,"name":"Home","item":"https:\/\/timbra.ee\/"},{"@type":"ListItem","position":2,"name":"V\u00f5ta \u00fchendust"}]},{"@type":"WebSite","@id":"https:\/\/timbra.ee\/#website","url":"https:\/\/timbra.ee\/","name":"Timbra","description":"Custom-made wooden packaging","publisher":{"@id":"https:\/\/timbra.ee\/#organization"},"potentialAction":[{"@type":"SearchAction","target":{"@type":"EntryPoint","urlTemplate":"https:\/\/timbra.ee\/?s={search_term_string}"},"query-input":{"@type":"PropertyValueSpecification","valueRequired":true,"valueName":"search_term_string"}}],"inLanguage":"en-GB"},{"@type":"Organization","@id":"https:\/\/timbra.ee\/#organization","name":"Timbra O\u00dc","url":"https:\/\/timbra.ee\/","logo":{"@type":"ImageObject","inLanguage":"en-GB","@id":"https:\/\/timbra.ee\/#\/schema\/logo\/image\/","url":"https:\/\/timbra.ee\/wp-content\/uploads\/2026\/02\/Site-Icon.png","contentUrl":"https:\/\/timbra.ee\/wp-content\/uploads\/2026\/02\/Site-Icon.png","width":1117,"height":273,"caption":"Timbra O\u00dc"},"image":{"@id":"https:\/\/timbra.ee\/#\/schema\/logo\/image\/"}}]}},"_links":{"self":[{"href":"https:\/\/timbra.ee\/en\/wp-json\/wp\/v2\/pages\/131","targetHints":{"allow":["GET"]}}],"collection":[{"href":"https:\/\/timbra.ee\/en\/wp-json\/wp\/v2\/pages"}],"about":[{"href":"https:\/\/timbra.ee\/en\/wp-json\/wp\/v2\/types\/page"}],"author":[{"embeddable":true,"href":"https:\/\/timbra.ee\/en\/wp-json\/wp\/v2\/users\/1"}],"replies":[{"embeddable":true,"href":"https:\/\/timbra.ee\/en\/wp-json\/wp\/v2\/comments?post=131"}],"version-history":[{"count":2,"href":"https:\/\/timbra.ee\/en\/wp-json\/wp\/v2\/pages\/131\/revisions"}],"predecessor-version":[{"id":285,"href":"https:\/\/timbra.ee\/en\/wp-json\/wp\/v2\/pages\/131\/revisions\/285"}],"wp:attachment":[{"href":"https:\/\/timbra.ee\/en\/wp-json\/wp\/v2\/media?parent=131"}],"curies":[{"name":"wp","href":"https:\/\/api.w.org\/{rel}","templated":true}]}}